{"id":2,"date":"2023-11-19T12:12:47","date_gmt":"2023-11-19T15:12:47","guid":{"rendered":"http:\/\/manualodontoped.com.br\/?page_id=2"},"modified":"2023-11-20T19:03:25","modified_gmt":"2023-11-20T22:03:25","slug":"pagina-exemplo","status":"publish","type":"page","link":"https:\/\/manualodontoped.com.br\/index.php\/pagina-exemplo\/","title":{"rendered":"P\u00e1gina de exemplo"},"content":{"rendered":"\t\t<div data-elementor-type=\"wp-page\" data-elementor-id=\"2\" class=\"elementor elementor-2\">\n\t\t\t\t\t\t\t<div class=\"elementor-element elementor-element-57eb7b7 e-flex e-con-boxed e-con e-parent\" data-id=\"57eb7b7\" data-element_type=\"container\" data-settings=\"{&quot;content_width&quot;:&quot;boxed&quot;}\" data-core-v316-plus=\"true\">\n\t\t\t\t\t<div class=\"e-con-inner\">\n\t\t\t\t<div class=\"elementor-element elementor-element-98443a8 elementor-widget elementor-widget-image\" data-id=\"98443a8\" data-element_type=\"widget\" data-widget_type=\"image.default\">\n\t\t\t\t<div class=\"elementor-widget-container\">\n\t\t\t<style>\/*! elementor - v3.17.0 - 08-11-2023 *\/\n.elementor-widget-image{text-align:center}.elementor-widget-image a{display:inline-block}.elementor-widget-image a img[src$=\".svg\"]{width:48px}.elementor-widget-image img{vertical-align:middle;display:inline-block}<\/style>\t\t\t\t\t\t\t\t\t\t\t\t<img fetchpriority=\"high\" decoding=\"async\" width=\"500\" height=\"500\" src=\"https:\/\/manualodontoped.com.br\/wp-content\/uploads\/2023\/11\/Azul-Minimalista-Investimentos-Logo-1.png\" class=\"attachment-large size-large wp-image-12\" alt=\"\" srcset=\"https:\/\/manualodontoped.com.br\/wp-content\/uploads\/2023\/11\/Azul-Minimalista-Investimentos-Logo-1.png 500w, https:\/\/manualodontoped.com.br\/wp-content\/uploads\/2023\/11\/Azul-Minimalista-Investimentos-Logo-1-300x300.png 300w, https:\/\/manualodontoped.com.br\/wp-content\/uploads\/2023\/11\/Azul-Minimalista-Investimentos-Logo-1-150x150.png 150w\" sizes=\"(max-width: 500px) 100vw, 500px\" \/>\t\t\t\t\t\t\t\t\t\t\t\t\t\t\t<\/div>\n\t\t\t\t<\/div>\n\t\t\t\t\t<\/div>\n\t\t\t\t<\/div>\n\t\t<div class=\"elementor-element elementor-element-2667d8f e-flex e-con-boxed e-con e-parent\" data-id=\"2667d8f\" data-element_type=\"container\" data-settings=\"{&quot;content_width&quot;:&quot;boxed&quot;}\" data-core-v316-plus=\"true\">\n\t\t\t\t\t<div class=\"e-con-inner\">\n\t\t\t\t<div class=\"elementor-element elementor-element-e17e930 elementor-widget elementor-widget-text-editor\" data-id=\"e17e930\" data-element_type=\"widget\" data-widget_type=\"text-editor.default\">\n\t\t\t\t<div class=\"elementor-widget-container\">\n\t\t\t<style>\/*! elementor - v3.17.0 - 08-11-2023 *\/\n.elementor-widget-text-editor.elementor-drop-cap-view-stacked .elementor-drop-cap{background-color:#69727d;color:#fff}.elementor-widget-text-editor.elementor-drop-cap-view-framed .elementor-drop-cap{color:#69727d;border:3px solid;background-color:transparent}.elementor-widget-text-editor:not(.elementor-drop-cap-view-default) .elementor-drop-cap{margin-top:8px}.elementor-widget-text-editor:not(.elementor-drop-cap-view-default) .elementor-drop-cap-letter{width:1em;height:1em}.elementor-widget-text-editor .elementor-drop-cap{float:left;text-align:center;line-height:1;font-size:50px}.elementor-widget-text-editor .elementor-drop-cap-letter{display:inline-block}<\/style>\t\t\t\t<p>Tenha em m\u00e3os o melhor material para guiar as suas consultas em odontopediatria e mais:&nbsp;<\/p>\t\t\t\t\t\t<\/div>\n\t\t\t\t<\/div>\n\t\t\t\t\t<\/div>\n\t\t\t\t<\/div>\n\t\t<div class=\"elementor-element elementor-element-919358a e-flex e-con-boxed e-con e-parent\" data-id=\"919358a\" data-element_type=\"container\" data-settings=\"{&quot;content_width&quot;:&quot;boxed&quot;}\" data-core-v316-plus=\"true\">\n\t\t\t\t\t<div class=\"e-con-inner\">\n\t\t\t\t<div class=\"elementor-element elementor-element-558ba08 elementor-widget elementor-widget-text-editor\" data-id=\"558ba08\" data-element_type=\"widget\" data-widget_type=\"text-editor.default\">\n\t\t\t\t<div class=\"elementor-widget-container\">\n\t\t\t\t\t\t\t<p>No Manual, n\u00e3o entregamos s\u00f3 o material como tamb\u00e9m aulas que guiar\u00e3o a apresenta\u00e7\u00e3o do diagn\u00f3stico.<\/p>\t\t\t\t\t\t<\/div>\n\t\t\t\t<\/div>\n\t\t\t\t\t<\/div>\n\t\t\t\t<\/div>\n\t\t<div class=\"elementor-element elementor-element-8ec790d e-flex e-con-boxed e-con e-parent\" data-id=\"8ec790d\" data-element_type=\"container\" data-settings=\"{&quot;content_width&quot;:&quot;boxed&quot;}\" data-core-v316-plus=\"true\">\n\t\t\t\t\t<div class=\"e-con-inner\">\n\t\t\t\t<div class=\"elementor-element elementor-element-b59ce1a elementor-widget elementor-widget-video\" data-id=\"b59ce1a\" data-element_type=\"widget\" data-settings=\"{&quot;youtube_url&quot;:&quot;https:\\\/\\\/www.youtube.com\\\/watch?v=XHOmBV4js_E&quot;,&quot;video_type&quot;:&quot;youtube&quot;,&quot;controls&quot;:&quot;yes&quot;}\" data-widget_type=\"video.default\">\n\t\t\t\t<div class=\"elementor-widget-container\">\n\t\t\t<style>\/*! elementor - v3.17.0 - 08-11-2023 *\/\n.elementor-widget-video .elementor-widget-container{overflow:hidden;transform:translateZ(0)}.elementor-widget-video .elementor-wrapper{aspect-ratio:var(--video-aspect-ratio)}.elementor-widget-video .elementor-wrapper iframe,.elementor-widget-video .elementor-wrapper video{height:100%;width:100%;display:flex;border:none;background-color:#000}@supports not (aspect-ratio:1\/1){.elementor-widget-video .elementor-wrapper{position:relative;overflow:hidden;height:0;padding-bottom:calc(100% \/ var(--video-aspect-ratio))}.elementor-widget-video .elementor-wrapper iframe,.elementor-widget-video .elementor-wrapper video{position:absolute;top:0;right:0;bottom:0;left:0}}.elementor-widget-video .elementor-open-inline .elementor-custom-embed-image-overlay{position:absolute;top:0;right:0;bottom:0;left:0;background-size:cover;background-position:50%}.elementor-widget-video .elementor-custom-embed-image-overlay{cursor:pointer;text-align:center}.elementor-widget-video .elementor-custom-embed-image-overlay:hover .elementor-custom-embed-play i{opacity:1}.elementor-widget-video .elementor-custom-embed-image-overlay img{display:block;width:100%;aspect-ratio:var(--video-aspect-ratio);-o-object-fit:cover;object-fit:cover;-o-object-position:center center;object-position:center center}@supports not (aspect-ratio:1\/1){.elementor-widget-video .elementor-custom-embed-image-overlay{position:relative;overflow:hidden;height:0;padding-bottom:calc(100% \/ var(--video-aspect-ratio))}.elementor-widget-video .elementor-custom-embed-image-overlay img{position:absolute;top:0;right:0;bottom:0;left:0}}.elementor-widget-video .e-hosted-video .elementor-video{-o-object-fit:cover;object-fit:cover}.e-con-inner>.elementor-widget-video,.e-con>.elementor-widget-video{width:var(--container-widget-width);--flex-grow:var(--container-widget-flex-grow)}<\/style>\t\t<div class=\"elementor-wrapper elementor-open-inline\">\n\t\t\t<div class=\"elementor-video\"><\/div>\t\t<\/div>\n\t\t\t\t<\/div>\n\t\t\t\t<\/div>\n\t\t\t\t\t<\/div>\n\t\t\t\t<\/div>\n\t\t<div class=\"elementor-element elementor-element-6acfa68 e-flex e-con-boxed e-con e-parent\" data-id=\"6acfa68\" data-element_type=\"container\" data-settings=\"{&quot;content_width&quot;:&quot;boxed&quot;}\" data-core-v316-plus=\"true\">\n\t\t\t\t\t<div class=\"e-con-inner\">\n\t\t\t\t<div class=\"elementor-element elementor-element-037c1eb elementor-widget elementor-widget-image\" data-id=\"037c1eb\" data-element_type=\"widget\" data-widget_type=\"image.default\">\n\t\t\t\t<div class=\"elementor-widget-container\">\n\t\t\t\t\t\t\t\t\t\t\t\t\t\t\t<img decoding=\"async\" width=\"1024\" height=\"183\" src=\"https:\/\/manualodontoped.com.br\/wp-content\/uploads\/2023\/11\/Apenas-12x-de-11-1024x183.png\" class=\"attachment-large size-large wp-image-26\" alt=\"\" srcset=\"https:\/\/manualodontoped.com.br\/wp-content\/uploads\/2023\/11\/Apenas-12x-de-11-1024x183.png 1024w, https:\/\/manualodontoped.com.br\/wp-content\/uploads\/2023\/11\/Apenas-12x-de-11-300x54.png 300w, https:\/\/manualodontoped.com.br\/wp-content\/uploads\/2023\/11\/Apenas-12x-de-11-768x137.png 768w, https:\/\/manualodontoped.com.br\/wp-content\/uploads\/2023\/11\/Apenas-12x-de-11-1536x274.png 1536w, https:\/\/manualodontoped.com.br\/wp-content\/uploads\/2023\/11\/Apenas-12x-de-11-2048x366.png 2048w\" sizes=\"(max-width: 1024px) 100vw, 1024px\" \/>\t\t\t\t\t\t\t\t\t\t\t\t\t\t\t<\/div>\n\t\t\t\t<\/div>\n\t\t\t\t\t<\/div>\n\t\t\t\t<\/div>\n\t\t<div class=\"elementor-element elementor-element-88f85ea e-flex e-con-boxed e-con e-parent\" data-id=\"88f85ea\" data-element_type=\"container\" data-settings=\"{&quot;content_width&quot;:&quot;boxed&quot;}\" data-core-v316-plus=\"true\">\n\t\t\t\t\t<div class=\"e-con-inner\">\n\t\t\t\t<div class=\"elementor-element elementor-element-db6e267 elementor-widget elementor-widget-image\" data-id=\"db6e267\" data-element_type=\"widget\" data-widget_type=\"image.default\">\n\t\t\t\t<div class=\"elementor-widget-container\">\n\t\t\t\t\t\t\t\t\t\t\t\t\t\t\t<img decoding=\"async\" width=\"1024\" height=\"512\" src=\"https:\/\/manualodontoped.com.br\/wp-content\/uploads\/2023\/11\/79-10-1024x512.png\" class=\"attachment-large size-large wp-image-34\" alt=\"\" srcset=\"https:\/\/manualodontoped.com.br\/wp-content\/uploads\/2023\/11\/79-10-1024x512.png 1024w, https:\/\/manualodontoped.com.br\/wp-content\/uploads\/2023\/11\/79-10-300x150.png 300w, https:\/\/manualodontoped.com.br\/wp-content\/uploads\/2023\/11\/79-10-768x384.png 768w, https:\/\/manualodontoped.com.br\/wp-content\/uploads\/2023\/11\/79-10.png 1534w\" sizes=\"(max-width: 1024px) 100vw, 1024px\" \/>\t\t\t\t\t\t\t\t\t\t\t\t\t\t\t<\/div>\n\t\t\t\t<\/div>\n\t\t\t\t\t<\/div>\n\t\t\t\t<\/div>\n\t\t<div class=\"elementor-element elementor-element-ea5ebbb e-flex e-con-boxed e-con e-parent\" data-id=\"ea5ebbb\" data-element_type=\"container\" data-settings=\"{&quot;content_width&quot;:&quot;boxed&quot;}\" data-core-v316-plus=\"true\">\n\t\t\t\t\t<div class=\"e-con-inner\">\n\t\t\t\t<div class=\"elementor-element elementor-element-3058d98 elementor-widget elementor-widget-button\" data-id=\"3058d98\" data-element_type=\"widget\" data-widget_type=\"button.default\">\n\t\t\t\t<div class=\"elementor-widget-container\">\n\t\t\t\t\t<div class=\"elementor-button-wrapper\">\n\t\t\t<a class=\"elementor-button elementor-button-link elementor-size-sm\" href=\"#\">\n\t\t\t\t\t\t<span class=\"elementor-button-content-wrapper\">\n\t\t\t\t\t\t<span class=\"elementor-button-text\">Quero garantir o Manual (Lote BlackFriday)<\/span>\n\t\t<\/span>\n\t\t\t\t\t<\/a>\n\t\t<\/div>\n\t\t\t\t<\/div>\n\t\t\t\t<\/div>\n\t\t\t\t\t<\/div>\n\t\t\t\t<\/div>\n\t\t<div class=\"elementor-element elementor-element-0bebac4 e-flex e-con-boxed e-con e-parent\" data-id=\"0bebac4\" data-element_type=\"container\" data-settings=\"{&quot;content_width&quot;:&quot;boxed&quot;}\" data-core-v316-plus=\"true\">\n\t\t\t\t\t<div class=\"e-con-inner\">\n\t\t\t\t<div class=\"elementor-element elementor-element-436ec2a elementor-widget elementor-widget-text-editor\" data-id=\"436ec2a\" data-element_type=\"widget\" data-widget_type=\"text-editor.default\">\n\t\t\t\t<div class=\"elementor-widget-container\">\n\t\t\t\t\t\t\t<p>Para quem \u00e9 o Manual?<\/p>\t\t\t\t\t\t<\/div>\n\t\t\t\t<\/div>\n\t\t\t\t\t<\/div>\n\t\t\t\t<\/div>\n\t\t<div class=\"elementor-element elementor-element-ce9b9e7 e-flex e-con-boxed e-con e-parent\" data-id=\"ce9b9e7\" data-element_type=\"container\" data-settings=\"{&quot;content_width&quot;:&quot;boxed&quot;}\" data-core-v316-plus=\"true\">\n\t\t\t\t\t<div class=\"e-con-inner\">\n\t\t<div class=\"elementor-element elementor-element-b844346 e-con-full e-flex e-con e-child\" data-id=\"b844346\" data-element_type=\"container\" data-settings=\"{&quot;content_width&quot;:&quot;full&quot;}\">\n\t\t\t\t<div class=\"elementor-element elementor-element-43f8943 elementor-widget elementor-widget-text-editor\" data-id=\"43f8943\" data-element_type=\"widget\" data-widget_type=\"text-editor.default\">\n\t\t\t\t<div class=\"elementor-widget-container\">\n\t\t\t\t\t\t\t<ul><li>Para odontopediatras que desejam valorizar mais suas consultas de diagn\u00f3stico.<\/li><li>Para dentistas que atendem crian\u00e7as e precisam de um guia com fotografias e muito conte\u00fado.<\/li><li>Para quem quer melhorar a comunica\u00e7\u00e3o com os pais sobre o diagn\u00f3stico, plano de tratamento e orienta\u00e7\u00f5es.<\/li><li>Para quem quer otimizar o seu tempo cl\u00ednico e n\u00e3o ter que pensar em produzir um material como esse.<\/li><li>Para quem quer aumentar a convers\u00e3o das primeiras consultas e fideliza\u00e7\u00e3o dos pacientes.<\/li><\/ul>\t\t\t\t\t\t<\/div>\n\t\t\t\t<\/div>\n\t\t\t\t<\/div>\n\t\t<div class=\"elementor-element elementor-element-11d6b4c e-con-full e-flex e-con e-child\" data-id=\"11d6b4c\" data-element_type=\"container\" data-settings=\"{&quot;content_width&quot;:&quot;full&quot;}\">\n\t\t\t\t<\/div>\n\t\t\t\t\t<\/div>\n\t\t\t\t<\/div>\n\t\t<div class=\"elementor-element elementor-element-7c38fb6 e-flex e-con-boxed e-con e-parent\" data-id=\"7c38fb6\" data-element_type=\"container\" data-settings=\"{&quot;content_width&quot;:&quot;boxed&quot;}\" data-core-v316-plus=\"true\">\n\t\t\t\t\t<div class=\"e-con-inner\">\n\t\t\t\t<div class=\"elementor-element elementor-element-6273cbd elementor-widget elementor-widget-spacer\" data-id=\"6273cbd\" data-element_type=\"widget\" data-widget_type=\"spacer.default\">\n\t\t\t\t<div class=\"elementor-widget-container\">\n\t\t\t<style>\/*! elementor - v3.17.0 - 08-11-2023 *\/\n.elementor-column .elementor-spacer-inner{height:var(--spacer-size)}.e-con{--container-widget-width:100%}.e-con-inner>.elementor-widget-spacer,.e-con>.elementor-widget-spacer{width:var(--container-widget-width,var(--spacer-size));--align-self:var(--container-widget-align-self,initial);--flex-shrink:0}.e-con-inner>.elementor-widget-spacer>.elementor-widget-container,.e-con>.elementor-widget-spacer>.elementor-widget-container{height:100%;width:100%}.e-con-inner>.elementor-widget-spacer>.elementor-widget-container>.elementor-spacer,.e-con>.elementor-widget-spacer>.elementor-widget-container>.elementor-spacer{height:100%}.e-con-inner>.elementor-widget-spacer>.elementor-widget-container>.elementor-spacer>.elementor-spacer-inner,.e-con>.elementor-widget-spacer>.elementor-widget-container>.elementor-spacer>.elementor-spacer-inner{height:var(--container-widget-height,var(--spacer-size))}.e-con-inner>.elementor-widget-spacer.elementor-widget-empty,.e-con>.elementor-widget-spacer.elementor-widget-empty{position:relative;min-height:22px;min-width:22px}.e-con-inner>.elementor-widget-spacer.elementor-widget-empty .elementor-widget-empty-icon,.e-con>.elementor-widget-spacer.elementor-widget-empty .elementor-widget-empty-icon{position:absolute;top:0;bottom:0;left:0;right:0;margin:auto;padding:0;width:22px;height:22px}<\/style>\t\t<div class=\"elementor-spacer\">\n\t\t\t<div class=\"elementor-spacer-inner\"><\/div>\n\t\t<\/div>\n\t\t\t\t<\/div>\n\t\t\t\t<\/div>\n\t\t\t\t<div class=\"elementor-element elementor-element-dc38d9c elementor-widget elementor-widget-text-editor\" data-id=\"dc38d9c\" data-element_type=\"widget\" data-widget_type=\"text-editor.default\">\n\t\t\t\t<div class=\"elementor-widget-container\">\n\t\t\t\t\t\t\t<p>O que as pessoas est\u00e3o falando sobre ele?<\/p>\t\t\t\t\t\t<\/div>\n\t\t\t\t<\/div>\n\t\t\t\t\t<\/div>\n\t\t\t\t<\/div>\n\t\t<div class=\"elementor-element elementor-element-bbba5fe e-flex e-con-boxed e-con e-parent\" data-id=\"bbba5fe\" data-element_type=\"container\" data-settings=\"{&quot;content_width&quot;:&quot;boxed&quot;}\" data-core-v316-plus=\"true\">\n\t\t\t\t\t<div class=\"e-con-inner\">\n\t\t<div class=\"elementor-element elementor-element-83d80bc e-con-full e-flex e-con e-child\" data-id=\"83d80bc\" data-element_type=\"container\" data-settings=\"{&quot;content_width&quot;:&quot;full&quot;}\">\n\t\t\t\t<div class=\"elementor-element elementor-element-35b3b43 elementor-widget elementor-widget-image\" data-id=\"35b3b43\" data-element_type=\"widget\" data-widget_type=\"image.default\">\n\t\t\t\t<div class=\"elementor-widget-container\">\n\t\t\t\t\t\t\t\t\t\t\t\t\t\t\t<img loading=\"lazy\" decoding=\"async\" width=\"683\" height=\"284\" src=\"https:\/\/manualodontoped.com.br\/wp-content\/uploads\/2023\/11\/IMG_0622-2.jpg\" class=\"attachment-large size-large wp-image-45\" alt=\"\" srcset=\"https:\/\/manualodontoped.com.br\/wp-content\/uploads\/2023\/11\/IMG_0622-2.jpg 683w, https:\/\/manualodontoped.com.br\/wp-content\/uploads\/2023\/11\/IMG_0622-2-300x125.jpg 300w\" sizes=\"(max-width: 683px) 100vw, 683px\" \/>\t\t\t\t\t\t\t\t\t\t\t\t\t\t\t<\/div>\n\t\t\t\t<\/div>\n\t\t\t\t<\/div>\n\t\t<div class=\"elementor-element elementor-element-c419f1f e-con-full e-flex e-con e-child\" data-id=\"c419f1f\" data-element_type=\"container\" data-settings=\"{&quot;content_width&quot;:&quot;full&quot;}\">\n\t\t\t\t<div class=\"elementor-element elementor-element-c5b0638 elementor-widget elementor-widget-image\" data-id=\"c5b0638\" data-element_type=\"widget\" data-widget_type=\"image.default\">\n\t\t\t\t<div class=\"elementor-widget-container\">\n\t\t\t\t\t\t\t\t\t\t\t\t\t\t\t<img loading=\"lazy\" decoding=\"async\" width=\"672\" height=\"324\" src=\"https:\/\/manualodontoped.com.br\/wp-content\/uploads\/2023\/11\/IMG_1686-2.jpg\" class=\"attachment-large size-large wp-image-44\" alt=\"\" srcset=\"https:\/\/manualodontoped.com.br\/wp-content\/uploads\/2023\/11\/IMG_1686-2.jpg 672w, https:\/\/manualodontoped.com.br\/wp-content\/uploads\/2023\/11\/IMG_1686-2-300x145.jpg 300w\" sizes=\"(max-width: 672px) 100vw, 672px\" \/>\t\t\t\t\t\t\t\t\t\t\t\t\t\t\t<\/div>\n\t\t\t\t<\/div>\n\t\t\t\t<\/div>\n\t\t<div class=\"elementor-element elementor-element-71e6706 e-con-full e-flex e-con e-child\" data-id=\"71e6706\" data-element_type=\"container\" data-settings=\"{&quot;content_width&quot;:&quot;full&quot;}\">\n\t\t\t\t<div class=\"elementor-element elementor-element-9d087a9 elementor-widget elementor-widget-image\" data-id=\"9d087a9\" data-element_type=\"widget\" data-widget_type=\"image.default\">\n\t\t\t\t<div class=\"elementor-widget-container\">\n\t\t\t\t\t\t\t\t\t\t\t\t\t\t\t<img loading=\"lazy\" decoding=\"async\" width=\"1024\" height=\"626\" src=\"https:\/\/manualodontoped.com.br\/wp-content\/uploads\/2023\/11\/IMG_1818-1-1024x626.jpg\" class=\"attachment-large size-large wp-image-43\" alt=\"\" srcset=\"https:\/\/manualodontoped.com.br\/wp-content\/uploads\/2023\/11\/IMG_1818-1-1024x626.jpg 1024w, https:\/\/manualodontoped.com.br\/wp-content\/uploads\/2023\/11\/IMG_1818-1-300x183.jpg 300w, https:\/\/manualodontoped.com.br\/wp-content\/uploads\/2023\/11\/IMG_1818-1-768x469.jpg 768w, https:\/\/manualodontoped.com.br\/wp-content\/uploads\/2023\/11\/IMG_1818-1.jpg 1065w\" sizes=\"(max-width: 1024px) 100vw, 1024px\" \/>\t\t\t\t\t\t\t\t\t\t\t\t\t\t\t<\/div>\n\t\t\t\t<\/div>\n\t\t\t\t<\/div>\n\t\t<div class=\"elementor-element elementor-element-cd87d8f e-con-full e-flex e-con e-child\" data-id=\"cd87d8f\" data-element_type=\"container\" data-settings=\"{&quot;content_width&quot;:&quot;full&quot;}\">\n\t\t\t\t<div class=\"elementor-element elementor-element-5eb7500 elementor-widget elementor-widget-image\" data-id=\"5eb7500\" data-element_type=\"widget\" data-widget_type=\"image.default\">\n\t\t\t\t<div class=\"elementor-widget-container\">\n\t\t\t\t\t\t\t\t\t\t\t\t\t\t\t<img loading=\"lazy\" decoding=\"async\" width=\"904\" height=\"484\" src=\"https:\/\/manualodontoped.com.br\/wp-content\/uploads\/2023\/11\/IMG_4459.jpg\" class=\"attachment-large size-large wp-image-42\" alt=\"\" srcset=\"https:\/\/manualodontoped.com.br\/wp-content\/uploads\/2023\/11\/IMG_4459.jpg 904w, https:\/\/manualodontoped.com.br\/wp-content\/uploads\/2023\/11\/IMG_4459-300x161.jpg 300w, https:\/\/manualodontoped.com.br\/wp-content\/uploads\/2023\/11\/IMG_4459-768x411.jpg 768w\" sizes=\"(max-width: 904px) 100vw, 904px\" \/>\t\t\t\t\t\t\t\t\t\t\t\t\t\t\t<\/div>\n\t\t\t\t<\/div>\n\t\t\t\t<\/div>\n\t\t<div class=\"elementor-element elementor-element-9dc9c04 e-con-full e-flex e-con e-child\" data-id=\"9dc9c04\" data-element_type=\"container\" data-settings=\"{&quot;content_width&quot;:&quot;full&quot;}\">\n\t\t\t\t<div class=\"elementor-element elementor-element-cbc1cb2 elementor-widget elementor-widget-image\" data-id=\"cbc1cb2\" data-element_type=\"widget\" data-widget_type=\"image.default\">\n\t\t\t\t<div class=\"elementor-widget-container\">\n\t\t\t\t\t\t\t\t\t\t\t\t\t\t\t<img loading=\"lazy\" decoding=\"async\" width=\"956\" height=\"546\" src=\"https:\/\/manualodontoped.com.br\/wp-content\/uploads\/2023\/11\/IMG_4460-2.jpg\" class=\"attachment-large size-large wp-image-41\" alt=\"\" srcset=\"https:\/\/manualodontoped.com.br\/wp-content\/uploads\/2023\/11\/IMG_4460-2.jpg 956w, https:\/\/manualodontoped.com.br\/wp-content\/uploads\/2023\/11\/IMG_4460-2-300x171.jpg 300w, https:\/\/manualodontoped.com.br\/wp-content\/uploads\/2023\/11\/IMG_4460-2-768x439.jpg 768w\" sizes=\"(max-width: 956px) 100vw, 956px\" \/>\t\t\t\t\t\t\t\t\t\t\t\t\t\t\t<\/div>\n\t\t\t\t<\/div>\n\t\t\t\t<\/div>\n\t\t<div class=\"elementor-element elementor-element-d902911 e-con-full e-flex e-con e-child\" data-id=\"d902911\" data-element_type=\"container\" data-settings=\"{&quot;content_width&quot;:&quot;full&quot;}\">\n\t\t\t\t<div class=\"elementor-element elementor-element-5ab5858 elementor-widget elementor-widget-image\" data-id=\"5ab5858\" data-element_type=\"widget\" data-widget_type=\"image.default\">\n\t\t\t\t<div class=\"elementor-widget-container\">\n\t\t\t\t\t\t\t\t\t\t\t\t\t\t\t<img loading=\"lazy\" decoding=\"async\" width=\"539\" height=\"198\" src=\"https:\/\/manualodontoped.com.br\/wp-content\/uploads\/2023\/11\/IMG_6533-1.jpg\" class=\"attachment-large size-large wp-image-39\" alt=\"\" srcset=\"https:\/\/manualodontoped.com.br\/wp-content\/uploads\/2023\/11\/IMG_6533-1.jpg 539w, https:\/\/manualodontoped.com.br\/wp-content\/uploads\/2023\/11\/IMG_6533-1-300x110.jpg 300w\" sizes=\"(max-width: 539px) 100vw, 539px\" \/>\t\t\t\t\t\t\t\t\t\t\t\t\t\t\t<\/div>\n\t\t\t\t<\/div>\n\t\t\t\t<\/div>\n\t\t\t\t\t<\/div>\n\t\t\t\t<\/div>\n\t\t\t\t\t\t\t<\/div>\n\t\t","protected":false},"excerpt":{"rendered":"<p>Tenha em m\u00e3os o melhor material para guiar as suas consultas em odontopediatria e mais:&nbsp; No Manual, n\u00e3o entregamos s\u00f3 o material como tamb\u00e9m aulas que guiar\u00e3o a apresenta\u00e7\u00e3o do diagn\u00f3stico. https:\/\/www.youtube.com\/watch?v=XHOmBV4js_E Quero garantir o Manual (Lote BlackFriday) Para quem \u00e9 o Manual? Para odontopediatras que desejam valorizar mais suas consultas de diagn\u00f3stico. Para dentistas [&hellip;]<\/p>\n","protected":false},"author":1,"featured_media":0,"parent":0,"menu_order":0,"comment_status":"closed","ping_status":"open","template":"elementor_canvas","meta":{"footnotes":""},"_links":{"self":[{"href":"https:\/\/manualodontoped.com.br\/index.php\/wp-json\/wp\/v2\/pages\/2"}],"collection":[{"href":"https:\/\/manualodontoped.com.br\/index.php\/wp-json\/wp\/v2\/pages"}],"about":[{"href":"https:\/\/manualodontoped.com.br\/index.php\/wp-json\/wp\/v2\/types\/page"}],"author":[{"embeddable":true,"href":"https:\/\/manualodontoped.com.br\/index.php\/wp-json\/wp\/v2\/users\/1"}],"replies":[{"embeddable":true,"href":"https:\/\/manualodontoped.com.br\/index.php\/wp-json\/wp\/v2\/comments?post=2"}],"version-history":[{"count":13,"href":"https:\/\/manualodontoped.com.br\/index.php\/wp-json\/wp\/v2\/pages\/2\/revisions"}],"predecessor-version":[{"id":48,"href":"https:\/\/manualodontoped.com.br\/index.php\/wp-json\/wp\/v2\/pages\/2\/revisions\/48"}],"wp:attachment":[{"href":"https:\/\/manualodontoped.com.br\/index.php\/wp-json\/wp\/v2\/media?parent=2"}],"curies":[{"name":"wp","href":"https:\/\/api.w.org\/{rel}","templated":true}]}}